{"id":1984,"date":"2020-10-08T18:18:05","date_gmt":"2020-10-08T16:18:05","guid":{"rendered":"https:\/\/distribucion.electricadecallosa.es\/web\/?page_id=1984"},"modified":"2024-11-29T10:36:40","modified_gmt":"2024-11-29T08:36:40","slug":"politica-de-cookies","status":"publish","type":"page","link":"https:\/\/distribucion.electricadecallosa.es\/web\/politica-de-cookies\/","title":{"rendered":"Pol\u00edtica de cookies"},"content":{"rendered":"<ol>\n<li><strong>Objeto<\/strong><\/li>\n<\/ol>\n<p>Esta Pol\u00edtica de Cookies, le ofrece la informaci\u00f3n necesaria sobre el uso de cookies en nuestro sitio web.<\/p>\n<p>Tambi\u00e9n para dar cumplimiento a la Ley 34\/2002, de 11 de julio, de Servicios de la Sociedad de la Informaci\u00f3n y Comercio Electr\u00f3nico, (en adelante, LSSICE), al Reglamento General de protecci\u00f3n de datos personales 2016\/679 (en adelante RGPD) y a la Ley Org\u00e1nica 3\/2018 de protecci\u00f3n de datos personales y garant\u00eda de los derechos digitales (en adelante, LOPDGDD).<\/p>\n<p>&nbsp;<\/p>\n<ol start=\"2\">\n<li><strong>Identificaci\u00f3n del Responsable \/ Prestador de servicios de la sociedad de la informaci\u00f3n<\/strong><\/li>\n<\/ol>\n<p>En cumplimiento de lo establecido en el art\u00edculo 10 de la Ley 34\/2002, de 11 de julio, de Servicios de la Sociedad de la Informaci\u00f3n y de Comercio Electr\u00f3nico (en adelante, LSSI-CE), se informa de modo expreso, preciso e inequ\u00edvoco, tanto a los usuarios, destinatarios del servicio, como a los \u00f3rganos competentes, de los siguientes aspectos relativos al prestador de servicios de la sociedad de la informaci\u00f3n:<\/p>\n<p>&nbsp;<\/p>\n<table style=\"height: 338px;\" width=\"916\">\n<tbody>\n<tr>\n<td width=\"124\"><strong>Identidad &#8211; Entidad<\/strong><\/td>\n<td width=\"482\">DISTRIBUCION EL\u00c9CTRICA DE CALLOSA DE SEGURA, S.L.U.<\/td>\n<\/tr>\n<tr>\n<td width=\"124\"><strong>CIF\/NIF<\/strong><\/td>\n<td width=\"482\">B98801541<\/td>\n<\/tr>\n<tr>\n<td width=\"124\"><strong>Direcci\u00f3n postal<\/strong><\/td>\n<td width=\"482\">C\/ Paseo Estaci\u00f3n M\u00e9dico Manuel Samper, 32, 03360, Callosa de Segura (Alicante)<\/td>\n<\/tr>\n<tr>\n<td width=\"124\"><strong>Tel\u00e9fono<\/strong><\/td>\n<td width=\"482\">965310173<\/td>\n<\/tr>\n<tr>\n<td width=\"124\"><strong>Correo electr\u00f3nico<\/strong><\/td>\n<td width=\"482\"><a href=\"mailto:distribucion@electricadecallosa.com\">distribucion@electricadecallosa.com<\/a><\/td>\n<\/tr>\n<tr>\n<td width=\"124\"><strong>Objeto Social<\/strong><\/td>\n<td width=\"482\">Distribuci\u00f3n El\u00e9ctrica<\/td>\n<\/tr>\n<tr>\n<td width=\"124\"><strong>Sitio web<\/strong><\/td>\n<td width=\"482\">https:\/\/distribucion.electricadecallosa.es\/web\/<\/td>\n<\/tr>\n<tr>\n<td width=\"124\"><strong>Datos registrales<\/strong><\/td>\n<td width=\"482\"><em>Registro Mercantil de Alicante, Tomo 4000, Folio 107, Secci\u00f3n 8, Hoja A 153122<\/em><\/td>\n<\/tr>\n<\/tbody>\n<\/table>\n<p>&nbsp;<\/p>\n<p><strong>Lo que debe saber sobre las cookies en nuestro sitio web<\/strong><\/p>\n<p>Nuestra entidad no utiliza cookies para recoger informaci\u00f3n de las personas usuarias. \u00danicamente se utilizan cookies propias,\u00a0 de sesi\u00f3n, con finalidad t\u00e9cnica (aquellas que permiten a la persona usuaria la navegaci\u00f3n a trav\u00e9s del sitio web y la utilizaci\u00f3n de las diferentes opciones y servicios que en ella existen).<\/p>\n<p>Nuestra web puede ofrecer enlaces a sitios web de terceros, cuyas pol\u00edticas de privacidad son ajenas a nuestra entidad. Al acceder a tales sitios web usted puede decidir si acepta sus pol\u00edticas de privacidad y de cookies. Con car\u00e1cter general, si navega por internet usted puede aceptar o rechazar las cookies de terceros desde las opciones de configuraci\u00f3n de su navegador.<\/p>\n","protected":false},"excerpt":{"rendered":"<p>Objeto Esta Pol\u00edtica de Cookies, le ofrece la informaci\u00f3n necesaria sobre el uso de cookies en nuestro sitio web. Tambi\u00e9n para dar cumplimiento a la Ley 34\/2002, de 11 de julio, de Servicios de la Sociedad de la Informaci\u00f3n y Comercio Electr\u00f3nico, (en adelante, LSSICE), al Reglamento General de protecci\u00f3n de datos personales 2016\/679 (en  [&#8230;]<\/p>\n","protected":false},"author":1,"featured_media":0,"parent":0,"menu_order":0,"comment_status":"closed","ping_status":"closed","template":"100-width.php","meta":{"footnotes":""},"class_list":["post-1984","page","type-page","status-publish","hentry"],"_links":{"self":[{"href":"https:\/\/distribucion.electricadecallosa.es\/web\/wp-json\/wp\/v2\/pages\/1984","targetHints":{"allow":["GET"]}}],"collection":[{"href":"https:\/\/distribucion.electricadecallosa.es\/web\/wp-json\/wp\/v2\/pages"}],"about":[{"href":"https:\/\/distribucion.electricadecallosa.es\/web\/wp-json\/wp\/v2\/types\/page"}],"author":[{"embeddable":true,"href":"https:\/\/distribucion.electricadecallosa.es\/web\/wp-json\/wp\/v2\/users\/1"}],"replies":[{"embeddable":true,"href":"https:\/\/distribucion.electricadecallosa.es\/web\/wp-json\/wp\/v2\/comments?post=1984"}],"version-history":[{"count":8,"href":"https:\/\/distribucion.electricadecallosa.es\/web\/wp-json\/wp\/v2\/pages\/1984\/revisions"}],"predecessor-version":[{"id":2128,"href":"https:\/\/distribucion.electricadecallosa.es\/web\/wp-json\/wp\/v2\/pages\/1984\/revisions\/2128"}],"wp:attachment":[{"href":"https:\/\/distribucion.electricadecallosa.es\/web\/wp-json\/wp\/v2\/media?parent=1984"}],"curies":[{"name":"wp","href":"https:\/\/api.w.org\/{rel}","templated":true}]}}